{"id":67,"date":"2017-06-12T14:31:17","date_gmt":"2017-06-12T14:31:17","guid":{"rendered":"http:\/\/www.cbr-law.com\/?page_id=67"},"modified":"2018-04-08T11:18:06","modified_gmt":"2018-04-08T10:18:06","slug":"domaines-dactivites","status":"publish","type":"page","link":"https:\/\/www.cbr-law.com\/en\/domaines-dactivites","title":{"rendered":"Domaines d&#8217;Activit\u00e9"},"content":{"rendered":"<p><span style=\"color: #003579;\">Le Cabinet concentre son activit\u00e9 dans 8 domaines du droit des affaires :<\/span><\/p>\n<p style=\"padding-left: 90px;\"><a href=\"http:\/\/www.cbr-law.com\/domaines-dactivites\/fusions-et-acquisitions\">Fusions et Acquisitions<\/a><\/p>\n<p style=\"padding-left: 90px;\"><a href=\"http:\/\/www.cbr-law.com\/domaines-dactivites\/banque-et-finance\">Banque et Finance<\/a><\/p>\n<p style=\"padding-left: 90px;\"><a href=\"http:\/\/www.cbr-law.com\/domaines-dactivites\/contentieux\">Contentieux<\/a><\/p>\n<p style=\"padding-left: 90px;\"><a href=\"http:\/\/www.cbr-law.com\/domaines-dactivites\/fiscal\">Fiscal<\/a><\/p>\n<p style=\"padding-left: 90px;\"><a href=\"http:\/\/www.cbr-law.com\/domaines-dactivites\/medias-telecoms-et-pi\">M\u00e9dias, T\u00e9l\u00e9coms et PI<\/a><\/p>\n<p style=\"padding-left: 90px;\"><a href=\"http:\/\/www.cbr-law.com\/domaines-dactivites\/droit-social\">Droit Social<\/a><\/p>\n","protected":false},"excerpt":{"rendered":"<p>Le Cabinet concentre son activit\u00e9 dans 8 domaines du droit des affaires : Fusions et Acquisitions Banque et Finance Contentieux Fiscal M\u00e9dias, T\u00e9l\u00e9coms et PI Droit Social<\/p>\n","protected":false},"author":1,"featured_media":0,"parent":0,"menu_order":0,"comment_status":"closed","ping_status":"closed","template":"","meta":{"footnotes":""},"class_list":["post-67","page","type-page","status-publish","hentry"],"_links":{"self":[{"href":"https:\/\/www.cbr-law.com\/en\/wp-json\/wp\/v2\/pages\/67","targetHints":{"allow":["GET"]}}],"collection":[{"href":"https:\/\/www.cbr-law.com\/en\/wp-json\/wp\/v2\/pages"}],"about":[{"href":"https:\/\/www.cbr-law.com\/en\/wp-json\/wp\/v2\/types\/page"}],"author":[{"embeddable":true,"href":"https:\/\/www.cbr-law.com\/en\/wp-json\/wp\/v2\/users\/1"}],"replies":[{"embeddable":true,"href":"https:\/\/www.cbr-law.com\/en\/wp-json\/wp\/v2\/comments?post=67"}],"version-history":[{"count":5,"href":"https:\/\/www.cbr-law.com\/en\/wp-json\/wp\/v2\/pages\/67\/revisions"}],"predecessor-version":[{"id":110,"href":"https:\/\/www.cbr-law.com\/en\/wp-json\/wp\/v2\/pages\/67\/revisions\/110"}],"wp:attachment":[{"href":"https:\/\/www.cbr-law.com\/en\/wp-json\/wp\/v2\/media?parent=67"}],"curies":[{"name":"wp","href":"https:\/\/api.w.org\/{rel}","templated":true}]}}